{"id":19,"date":"2018-04-26T16:33:40","date_gmt":"2018-04-26T21:33:40","guid":{"rendered":"http:\/\/gastrofisica.org\/?page_id=19"},"modified":"2018-04-26T16:33:40","modified_gmt":"2018-04-26T21:33:40","slug":"acerca-de","status":"publish","type":"page","link":"https:\/\/le-fort.org\/cocina\/acerca-de\/","title":{"rendered":"Acerca de"},"content":{"rendered":"<p>\t\t\t\tLa idea de este sitio es la de ser un cuaderno de apuntes en la exploraci\u00f3n de la intersecci\u00f3n entre la ciencia y la gastronom\u00eda.<\/p>\n<p>Qu\u00edmica, f\u00edsica, psicolog\u00eda, etc. unidas en la cocina y el comedor.<\/p>\n<p>Veamos c\u00f3mo nos va.\t\t<\/p>\n","protected":false},"excerpt":{"rendered":"<p>La idea de este sitio es la de ser un cuaderno de apuntes en la exploraci\u00f3n de la intersecci\u00f3n entre la ciencia y la gastronom\u00eda. Qu\u00edmica, f\u00edsica, psicolog\u00eda, etc. unidas en la cocina y el comedor. Veamos c\u00f3mo nos va.<\/p>\n","protected":false},"author":4,"featured_media":80,"parent":0,"menu_order":0,"comment_status":"closed","ping_status":"closed","template":"","meta":{"footnotes":""},"class_list":["post-19","page","type-page","status-publish","has-post-thumbnail","hentry","entry","has-media"],"jetpack_shortlink":"https:\/\/wp.me\/PghKer-j","jetpack_sharing_enabled":true,"jetpack-related-posts":[],"_links":{"self":[{"href":"https:\/\/le-fort.org\/cocina\/wp-json\/wp\/v2\/pages\/19","targetHints":{"allow":["GET"]}}],"collection":[{"href":"https:\/\/le-fort.org\/cocina\/wp-json\/wp\/v2\/pages"}],"about":[{"href":"https:\/\/le-fort.org\/cocina\/wp-json\/wp\/v2\/types\/page"}],"author":[{"embeddable":true,"href":"https:\/\/le-fort.org\/cocina\/wp-json\/wp\/v2\/users\/4"}],"replies":[{"embeddable":true,"href":"https:\/\/le-fort.org\/cocina\/wp-json\/wp\/v2\/comments?post=19"}],"version-history":[{"count":0,"href":"https:\/\/le-fort.org\/cocina\/wp-json\/wp\/v2\/pages\/19\/revisions"}],"wp:featuredmedia":[{"embeddable":true,"href":"https:\/\/le-fort.org\/cocina\/wp-json\/wp\/v2\/media\/80"}],"wp:attachment":[{"href":"https:\/\/le-fort.org\/cocina\/wp-json\/wp\/v2\/media?parent=19"}],"curies":[{"name":"wp","href":"https:\/\/api.w.org\/{rel}","templated":true}]}}