{"id":6,"date":"2013-04-27T16:34:44","date_gmt":"2013-04-27T16:34:44","guid":{"rendered":"http:\/\/www.loquecomemos.com\/?page_id=6"},"modified":"2021-10-24T08:43:40","modified_gmt":"2021-10-24T13:43:40","slug":"nuestro-proyecto","status":"publish","type":"page","link":"https:\/\/le-fort.org\/cocina\/nuestro-proyecto\/","title":{"rendered":"Nuestro Proyecto"},"content":{"rendered":"<p>Nuestro proyecto ha variado en el tiempo.<\/p>\n<p><a href=\"https:\/\/www.le-fort.org\/nuestro-proyecto\/marell\/\"><img data-recalc-dims=\"1\" loading=\"lazy\" decoding=\"async\" data-attachment-id=\"10436\" data-permalink=\"https:\/\/le-fort.org\/cocina\/curso-formador-formadores\/certificado-2\/\" data-orig-file=\"https:\/\/i0.wp.com\/le-fort.org\/cocina\/wp-content\/uploads\/2017\/01\/certificado.jpg?fit=1280%2C720&amp;ssl=1\" data-orig-size=\"1280,720\" data-comments-opened=\"0\" data-image-meta=\"{&quot;aperture&quot;:&quot;0&quot;,&quot;credit&quot;:&quot;&quot;,&quot;camera&quot;:&quot;&quot;,&quot;caption&quot;:&quot;&quot;,&quot;created_timestamp&quot;:&quot;0&quot;,&quot;copyright&quot;:&quot;&quot;,&quot;focal_length&quot;:&quot;0&quot;,&quot;iso&quot;:&quot;0&quot;,&quot;shutter_speed&quot;:&quot;0&quot;,&quot;title&quot;:&quot;&quot;,&quot;orientation&quot;:&quot;0&quot;}\" data-image-title=\"certificado\" data-image-description=\"\" data-image-caption=\"&lt;p&gt;Marell recibiendo el certificado de participaci\u00f3n&lt;\/p&gt;\n\" data-large-file=\"https:\/\/i0.wp.com\/le-fort.org\/cocina\/wp-content\/uploads\/2017\/01\/certificado.jpg?fit=1200%2C675&amp;ssl=1\" class=\"wp-image-10436 alignleft marco s4\" src=\"https:\/\/i0.wp.com\/www.le-fort.org\/wp-content\/uploads\/2017\/01\/certificado-600x338.jpg?resize=320%2C180&#038;ssl=1\" alt=\"Marell recibiendo el certificado de participaci\u00f3n Formador de Formadores\" width=\"320\" height=\"180\" srcset=\"https:\/\/i0.wp.com\/le-fort.org\/cocina\/wp-content\/uploads\/2017\/01\/certificado.jpg?resize=600%2C338&amp;ssl=1 600w, https:\/\/i0.wp.com\/le-fort.org\/cocina\/wp-content\/uploads\/2017\/01\/certificado.jpg?w=1280&amp;ssl=1 1280w\" sizes=\"auto, (max-width: 320px) 100vw, 320px\" \/><\/a><a href=\"https:\/\/www.le-fort.org\/nuestro-proyecto\/rodrigo\/\"><img data-recalc-dims=\"1\" loading=\"lazy\" decoding=\"async\" data-attachment-id=\"8270\" data-permalink=\"https:\/\/le-fort.org\/cocina\/banh-mi-charla\/11-rodrigo\/\" data-orig-file=\"https:\/\/i0.wp.com\/le-fort.org\/cocina\/wp-content\/uploads\/2016\/07\/11-rodrigo.jpg?fit=1280%2C720&amp;ssl=1\" data-orig-size=\"1280,720\" data-comments-opened=\"0\" data-image-meta=\"{&quot;aperture&quot;:&quot;0&quot;,&quot;credit&quot;:&quot;&quot;,&quot;camera&quot;:&quot;&quot;,&quot;caption&quot;:&quot;&quot;,&quot;created_timestamp&quot;:&quot;0&quot;,&quot;copyright&quot;:&quot;&quot;,&quot;focal_length&quot;:&quot;0&quot;,&quot;iso&quot;:&quot;0&quot;,&quot;shutter_speed&quot;:&quot;0&quot;,&quot;title&quot;:&quot;&quot;,&quot;orientation&quot;:&quot;0&quot;}\" data-image-title=\"11-rodrigo\" data-image-description=\"\" data-image-caption=\"\" data-large-file=\"https:\/\/i0.wp.com\/le-fort.org\/cocina\/wp-content\/uploads\/2016\/07\/11-rodrigo.jpg?fit=1200%2C675&amp;ssl=1\" class=\"alignleft wp-image-8270 marco s1\" src=\"https:\/\/i0.wp.com\/www.le-fort.org\/wp-content\/uploads\/2016\/07\/11-rodrigo-600x338.jpg?resize=320%2C180&#038;ssl=1\" alt=\"\" width=\"320\" height=\"180\" srcset=\"https:\/\/i0.wp.com\/le-fort.org\/cocina\/wp-content\/uploads\/2016\/07\/11-rodrigo.jpg?resize=600%2C338&amp;ssl=1 600w, https:\/\/i0.wp.com\/le-fort.org\/cocina\/wp-content\/uploads\/2016\/07\/11-rodrigo.jpg?w=1280&amp;ssl=1 1280w\" sizes=\"auto, (max-width: 320px) 100vw, 320px\" \/><\/a><\/p>\n<hr class=\"clear\" \/>\n<p>Somos <a href=\"https:\/\/le-fort.org\/nuestro-proyecto\/marell\/\">Marell<\/a> y\u00a0<a href=\"https:\/\/le-fort.org\/nuestro-proyecto\/rodrigo\/\">Rodrigo<\/a>. Ambos educadores desde hace a\u00f1os, ambos chefs, cada uno con sus habilidades y saberes propios. Hacemos un excelente equipo, y nos amamos. \u00bfQu\u00e9 m\u00e1s se puede pedir?<\/p>\n<p>Despu\u00e9s de trabajar en una serie de instituciones de educaci\u00f3n a distintos niveles y con distintos enfoques y proyectos, hemos querido lanzarnos con una iniciativa propia, dedicada a transmitir el conocimiento que hemos recibido a otros.<\/p>\n<p>Somos chilenos, y vivimos en Ecuador desde hace a\u00f1os. Hemos estudiado y ense\u00f1ado en este pa\u00eds, y queremos contribuir nuestro granito de arena para devolver parte de lo que se nos ha dado.<\/p>\n<h2>Colaboradores<\/h2>\n<p>En nuestro trabajo contamos con la colaboraci\u00f3n de grandes profesionales. Algunos de ellos son:<\/p>\n<ul>\n<li><img data-recalc-dims=\"1\" loading=\"lazy\" decoding=\"async\" data-attachment-id=\"15762\" data-permalink=\"https:\/\/le-fort.org\/cocina\/nuestro-proyecto\/myriam\/\" data-orig-file=\"https:\/\/i0.wp.com\/le-fort.org\/cocina\/wp-content\/uploads\/2021\/08\/myriam.jpeg?fit=980%2C1049&amp;ssl=1\" data-orig-size=\"980,1049\" data-comments-opened=\"0\" data-image-meta=\"{&quot;aperture&quot;:&quot;0&quot;,&quot;credit&quot;:&quot;&quot;,&quot;camera&quot;:&quot;&quot;,&quot;caption&quot;:&quot;&quot;,&quot;created_timestamp&quot;:&quot;1630070537&quot;,&quot;copyright&quot;:&quot;&quot;,&quot;focal_length&quot;:&quot;0&quot;,&quot;iso&quot;:&quot;0&quot;,&quot;shutter_speed&quot;:&quot;0&quot;,&quot;title&quot;:&quot;&quot;,&quot;orientation&quot;:&quot;1&quot;}\" data-image-title=\"myriam\" data-image-description=\"\" data-image-caption=\"\" data-large-file=\"https:\/\/i0.wp.com\/le-fort.org\/cocina\/wp-content\/uploads\/2021\/08\/myriam.jpeg?fit=897%2C960&amp;ssl=1\" class=\"alignright size-thumbnail wp-image-15762\" src=\"https:\/\/i0.wp.com\/www.le-fort.org\/wp-content\/uploads\/2021\/08\/myriam-150x150.jpeg?resize=150%2C150&#038;ssl=1\" alt=\"Pastry Chef Myriam Robalino\" width=\"150\" height=\"150\" srcset=\"https:\/\/i0.wp.com\/le-fort.org\/cocina\/wp-content\/uploads\/2021\/08\/myriam.jpeg?resize=150%2C150&amp;ssl=1 150w, https:\/\/i0.wp.com\/le-fort.org\/cocina\/wp-content\/uploads\/2021\/08\/myriam.jpeg?zoom=2&amp;resize=150%2C150&amp;ssl=1 300w, https:\/\/i0.wp.com\/le-fort.org\/cocina\/wp-content\/uploads\/2021\/08\/myriam.jpeg?zoom=3&amp;resize=150%2C150&amp;ssl=1 450w\" sizes=\"auto, (max-width: 150px) 100vw, 150px\" \/><strong>Pastry Chef Myriam Robalino V<\/strong>. Pasteler\u00eda, reposter\u00eda, emprendimiento.<\/li>\n<li class=\"clear\"><strong>Mgtr. Antonia Soto G<\/strong>. Cocina segura, higiene de alimentos, BPM.<\/li>\n<li class=\"clear\"><strong>M. Andrea Navarro R<\/strong>. Sostenibilidad<\/li>\n<\/ul>\n<figure id=\"attachment_9836\" aria-describedby=\"caption-attachment-9836\" style=\"width: 1280px\" class=\"wp-caption aligncenter\"><img data-recalc-dims=\"1\" loading=\"lazy\" decoding=\"async\" data-attachment-id=\"9836\" data-permalink=\"https:\/\/le-fort.org\/cocina\/inocuidad-alimentaria-en-la-troncal\/img_9661\/\" data-orig-file=\"https:\/\/i0.wp.com\/le-fort.org\/cocina\/wp-content\/uploads\/2017\/10\/IMG_9661.jpg?fit=1280%2C720&amp;ssl=1\" data-orig-size=\"1280,720\" data-comments-opened=\"0\" data-image-meta=\"{&quot;aperture&quot;:&quot;0&quot;,&quot;credit&quot;:&quot;&quot;,&quot;camera&quot;:&quot;&quot;,&quot;caption&quot;:&quot;&quot;,&quot;created_timestamp&quot;:&quot;0&quot;,&quot;copyright&quot;:&quot;&quot;,&quot;focal_length&quot;:&quot;0&quot;,&quot;iso&quot;:&quot;0&quot;,&quot;shutter_speed&quot;:&quot;0&quot;,&quot;title&quot;:&quot;&quot;,&quot;orientation&quot;:&quot;0&quot;}\" data-image-title=\"Marell explicando\" data-image-description=\"\" data-image-caption=\"&lt;p&gt;Marell explicando&lt;\/p&gt;\n\" data-large-file=\"https:\/\/i0.wp.com\/le-fort.org\/cocina\/wp-content\/uploads\/2017\/10\/IMG_9661.jpg?fit=1200%2C675&amp;ssl=1\" class=\"wp-image-9836 size-large\" src=\"https:\/\/i0.wp.com\/le-fort.org\/wp-content\/uploads\/2017\/10\/IMG_9661-1280x720.jpg?resize=1200%2C675&#038;ssl=1\" alt=\"Marell explicando\" width=\"1200\" height=\"675\" srcset=\"https:\/\/i0.wp.com\/le-fort.org\/cocina\/wp-content\/uploads\/2017\/10\/IMG_9661.jpg?w=1280&amp;ssl=1 1280w, https:\/\/i0.wp.com\/le-fort.org\/cocina\/wp-content\/uploads\/2017\/10\/IMG_9661.jpg?resize=600%2C338&amp;ssl=1 600w\" sizes=\"auto, (max-width: 1200px) 100vw, 1200px\" \/><figcaption id=\"caption-attachment-9836\" class=\"wp-caption-text\">En el aula<\/figcaption><\/figure>\n<figure id=\"attachment_9555\" aria-describedby=\"caption-attachment-9555\" style=\"width: 1280px\" class=\"wp-caption aligncenter\"><img data-recalc-dims=\"1\" loading=\"lazy\" decoding=\"async\" data-attachment-id=\"9555\" data-permalink=\"https:\/\/le-fort.org\/cocina\/ciencia-y-cocina-introduccion\/img_2461\/\" data-orig-file=\"https:\/\/i0.wp.com\/le-fort.org\/cocina\/wp-content\/uploads\/2017\/06\/IMG_2461.jpg?fit=1280%2C854&amp;ssl=1\" data-orig-size=\"1280,854\" data-comments-opened=\"0\" data-image-meta=\"{&quot;aperture&quot;:&quot;3.5&quot;,&quot;credit&quot;:&quot;Picasa&quot;,&quot;camera&quot;:&quot;Canon EOS REBEL SL1&quot;,&quot;caption&quot;:&quot;&quot;,&quot;created_timestamp&quot;:&quot;1498216017&quot;,&quot;copyright&quot;:&quot;&quot;,&quot;focal_length&quot;:&quot;18&quot;,&quot;iso&quot;:&quot;100&quot;,&quot;shutter_speed&quot;:&quot;0.033333333333333&quot;,&quot;title&quot;:&quot;&quot;,&quot;orientation&quot;:&quot;0&quot;}\" data-image-title=\"IMG_2461\" data-image-description=\"\" data-image-caption=\"&lt;p&gt;En la cocina&lt;\/p&gt;\n\" data-large-file=\"https:\/\/i0.wp.com\/le-fort.org\/cocina\/wp-content\/uploads\/2017\/06\/IMG_2461.jpg?fit=1200%2C801&amp;ssl=1\" class=\"wp-image-9555 size-large\" src=\"https:\/\/i0.wp.com\/le-fort.org\/wp-content\/uploads\/2017\/06\/IMG_2461-1280x854.jpg?resize=1200%2C801&#038;ssl=1\" alt=\"\" width=\"1200\" height=\"801\" srcset=\"https:\/\/i0.wp.com\/le-fort.org\/cocina\/wp-content\/uploads\/2017\/06\/IMG_2461.jpg?w=1280&amp;ssl=1 1280w, https:\/\/i0.wp.com\/le-fort.org\/cocina\/wp-content\/uploads\/2017\/06\/IMG_2461.jpg?resize=600%2C400&amp;ssl=1 600w\" sizes=\"auto, (max-width: 1200px) 100vw, 1200px\" \/><figcaption id=\"caption-attachment-9555\" class=\"wp-caption-text\">En la cocina<\/figcaption><\/figure>\n<p>Es por eso que damos distintos <a href=\"https:\/\/www.le-fort.org\/cursos\/\">cursos<\/a> y <a href=\"https:\/\/www.le-fort.org\/seminario-turismo-uniandes\/\">seminarios<\/a>, y <a href=\"https:\/\/www.le-fort.org\/guia-de-tecnicas-culinarias-ecuador\/\">participamos en colectivos<\/a> que tienen el mismo enfoque que tenemos nosotros, siempre procurando entregar informaci\u00f3n de calidad, verificada, que tenga el potencial de mejorar el quehacer de qui\u00e9n la recibe, y \u2013esperamos\u2013 con el potencial de mejorar la vida de quienes aprenden.<\/p>\n<div class=\"col2\"><\/div>\n<div class=\"col2\"><\/div>\n","protected":false},"excerpt":{"rendered":"<p>\u00bfDe d\u00f3nde sali\u00f3 esta escuela de cocina en l\u00ednea y presencial sin fines de lucro en Ecuador? Aqu\u00ed les contamos nuestra historia.<\/p>\n","protected":false},"author":1,"featured_media":9606,"parent":0,"menu_order":0,"comment_status":"closed","ping_status":"closed","template":"","meta":{"footnotes":""},"class_list":["post-6","page","type-page","status-publish","has-post-thumbnail","hentry","entry","has-media"],"jetpack_shortlink":"https:\/\/wp.me\/PghKer-6","jetpack_sharing_enabled":true,"jetpack-related-posts":[{"id":12226,"url":"https:\/\/le-fort.org\/cocina\/nuestro-proyecto\/alianzas\/","url_meta":{"origin":6,"position":0},"title":"Alianzas","author":"Le-Fort.org","date":"31 de Marzo, 2018","format":false,"excerpt":"\"Si quieres ir r\u00e1pido anda solo. Si quieres ir lejos anda en grupo\" dice un dicho\u00a0 africano. Nosotros preferimos sumar a restar, y es por eso que trabajamos con distintos actores de la gastronom\u00eda y la ense\u00f1anza en Ecuador. Las instituciones con las que m\u00e1s frecuentemente trabajamos son: Asociaci\u00f3n de\u2026","rel":"","context":"Entrada similar ","block_context":{"text":"Entrada similar ","link":""},"img":{"alt_text":"","src":"https:\/\/i0.wp.com\/le-fort.org\/cocina\/wp-content\/uploads\/2017\/10\/dia-chef-hd.jpg?fit=1200%2C400&ssl=1&resize=350%2C200","width":350,"height":200,"srcset":"https:\/\/i0.wp.com\/le-fort.org\/cocina\/wp-content\/uploads\/2017\/10\/dia-chef-hd.jpg?fit=1200%2C400&ssl=1&resize=350%2C200 1x, https:\/\/i0.wp.com\/le-fort.org\/cocina\/wp-content\/uploads\/2017\/10\/dia-chef-hd.jpg?fit=1200%2C400&ssl=1&resize=525%2C300 1.5x, https:\/\/i0.wp.com\/le-fort.org\/cocina\/wp-content\/uploads\/2017\/10\/dia-chef-hd.jpg?fit=1200%2C400&ssl=1&resize=700%2C400 2x, https:\/\/i0.wp.com\/le-fort.org\/cocina\/wp-content\/uploads\/2017\/10\/dia-chef-hd.jpg?fit=1200%2C400&ssl=1&resize=1050%2C600 3x"},"classes":[]},{"id":8234,"url":"https:\/\/le-fort.org\/cocina\/nuestro-proyecto\/rodrigo\/","url_meta":{"origin":6,"position":1},"title":"Rodrigo","author":"Le-Fort.org","date":"30 de Junio, 2016","format":false,"excerpt":"Rodrigo Duarte\u00a0es quien se encarga de mantener el sitio web funcionando. Viene a la cocina desde la qu\u00edmica y adem\u00e1s de ser chef, es profesor de diversas materias culinarias, tecnol\u00f3gias y cient\u00edficas desde hace m\u00e1s de veinte a\u00f1os. Marell es la otra mitad (la m\u00e1s agradable) del equipo. Resumen Licenciado\u2026","rel":"","context":"Entrada similar ","block_context":{"text":"Entrada similar ","link":""},"img":{"alt_text":"","src":"https:\/\/i0.wp.com\/le-fort.org\/cocina\/wp-content\/uploads\/2011\/08\/cardamomo-hd.jpg?fit=1200%2C400&ssl=1&resize=350%2C200","width":350,"height":200,"srcset":"https:\/\/i0.wp.com\/le-fort.org\/cocina\/wp-content\/uploads\/2011\/08\/cardamomo-hd.jpg?fit=1200%2C400&ssl=1&resize=350%2C200 1x, https:\/\/i0.wp.com\/le-fort.org\/cocina\/wp-content\/uploads\/2011\/08\/cardamomo-hd.jpg?fit=1200%2C400&ssl=1&resize=525%2C300 1.5x, https:\/\/i0.wp.com\/le-fort.org\/cocina\/wp-content\/uploads\/2011\/08\/cardamomo-hd.jpg?fit=1200%2C400&ssl=1&resize=700%2C400 2x, https:\/\/i0.wp.com\/le-fort.org\/cocina\/wp-content\/uploads\/2011\/08\/cardamomo-hd.jpg?fit=1200%2C400&ssl=1&resize=1050%2C600 3x"},"classes":[]},{"id":10091,"url":"https:\/\/le-fort.org\/cocina\/nuestro-proyecto\/donde-estamos\/","url_meta":{"origin":6,"position":2},"title":"Ubicaci\u00f3n","author":"Le-Fort.org","date":"1 de Noviembre, 2017","format":false,"excerpt":"Estamos ubicados en Loja, Ecuador. \u00a0 Nuestra direcci\u00f3n es: Gonzalo Montesdeoca 729-45 y H\u00e9roes del Cenepa Loja. Mapa Para visitarnos, puedes utilizar este mapa.","rel":"","context":"Entrada similar ","block_context":{"text":"Entrada similar ","link":""},"img":{"alt_text":"","src":"","width":0,"height":0},"classes":[]},{"id":8231,"url":"https:\/\/le-fort.org\/cocina\/nuestro-proyecto\/marell\/","url_meta":{"origin":6,"position":3},"title":"Marell Rojas Le-Fort","author":"Le-Fort.org","date":"30 de Junio, 2016","format":false,"excerpt":"Marell Rojas Le-Fort es la cara m\u00e1s atractiva de este proyecto. Ha sido muchas cosas en la vida: madre, pintora, enfermera, profesora, paisajista, abuela... y por supuesto Chef. La otra mitad del equipo es Rodrigo. Resumen Licenciada en enfermer\u00eda Ingeniera en Gastronom\u00eda Pintora y escultora Chef de partida Certificaci\u00f3n como\u2026","rel":"","context":"Entrada similar ","block_context":{"text":"Entrada similar ","link":""},"img":{"alt_text":"","src":"https:\/\/i0.wp.com\/le-fort.org\/cocina\/wp-content\/uploads\/2016\/07\/icing-hd.jpg?fit=1200%2C400&ssl=1&resize=350%2C200","width":350,"height":200,"srcset":"https:\/\/i0.wp.com\/le-fort.org\/cocina\/wp-content\/uploads\/2016\/07\/icing-hd.jpg?fit=1200%2C400&ssl=1&resize=350%2C200 1x, https:\/\/i0.wp.com\/le-fort.org\/cocina\/wp-content\/uploads\/2016\/07\/icing-hd.jpg?fit=1200%2C400&ssl=1&resize=525%2C300 1.5x, https:\/\/i0.wp.com\/le-fort.org\/cocina\/wp-content\/uploads\/2016\/07\/icing-hd.jpg?fit=1200%2C400&ssl=1&resize=700%2C400 2x, https:\/\/i0.wp.com\/le-fort.org\/cocina\/wp-content\/uploads\/2016\/07\/icing-hd.jpg?fit=1200%2C400&ssl=1&resize=1050%2C600 3x"},"classes":[]},{"id":8776,"url":"https:\/\/le-fort.org\/cocina\/obras-de-nuestros-estudiantes\/","url_meta":{"origin":6,"position":4},"title":"Obras de nuestros Estudiantes","author":"Le-Fort.org","date":"2 de Octubre, 2016","format":false,"excerpt":"Esta secci\u00f3n muestra lo que han hecho nuestros estudiantes de distintos cursos de cocina. Si quieres enviarnos algo, lo puedes hacer a nuestro correo, por twitter, por Facebook, por google+ etc, etc. Esperamos tus obras maestras!","rel":"","context":"Entrada similar ","block_context":{"text":"Entrada similar ","link":""},"img":{"alt_text":"","src":"https:\/\/i0.wp.com\/le-fort.org\/cocina\/wp-content\/uploads\/2016\/10\/guangala-hd-3.jpg?fit=1200%2C400&ssl=1&resize=350%2C200","width":350,"height":200,"srcset":"https:\/\/i0.wp.com\/le-fort.org\/cocina\/wp-content\/uploads\/2016\/10\/guangala-hd-3.jpg?fit=1200%2C400&ssl=1&resize=350%2C200 1x, https:\/\/i0.wp.com\/le-fort.org\/cocina\/wp-content\/uploads\/2016\/10\/guangala-hd-3.jpg?fit=1200%2C400&ssl=1&resize=525%2C300 1.5x, https:\/\/i0.wp.com\/le-fort.org\/cocina\/wp-content\/uploads\/2016\/10\/guangala-hd-3.jpg?fit=1200%2C400&ssl=1&resize=700%2C400 2x, https:\/\/i0.wp.com\/le-fort.org\/cocina\/wp-content\/uploads\/2016\/10\/guangala-hd-3.jpg?fit=1200%2C400&ssl=1&resize=1050%2C600 3x"},"classes":[]},{"id":10226,"url":"https:\/\/le-fort.org\/cocina\/nuestro-proyecto\/mapa-de-cursos\/","url_meta":{"origin":6,"position":5},"title":"Mapa de Actividades","author":"Le-Fort.org","date":"8 de Noviembre, 2017","format":false,"excerpt":"Estamos encantados de ir recorriendo Ecuador aprendiendo y ense\u00f1ando. Este es un mapa de nuestras aventuras en la ense\u00f1anza y el aprendizaje. Veamos c\u00f3mo se va poblando en el tiempo.","rel":"","context":"Entrada similar ","block_context":{"text":"Entrada similar ","link":""},"img":{"alt_text":"","src":"https:\/\/i0.wp.com\/le-fort.org\/cocina\/wp-content\/uploads\/2018\/03\/santa-elena-hd-1.jpg?fit=1200%2C400&ssl=1&resize=350%2C200","width":350,"height":200,"srcset":"https:\/\/i0.wp.com\/le-fort.org\/cocina\/wp-content\/uploads\/2018\/03\/santa-elena-hd-1.jpg?fit=1200%2C400&ssl=1&resize=350%2C200 1x, https:\/\/i0.wp.com\/le-fort.org\/cocina\/wp-content\/uploads\/2018\/03\/santa-elena-hd-1.jpg?fit=1200%2C400&ssl=1&resize=525%2C300 1.5x, https:\/\/i0.wp.com\/le-fort.org\/cocina\/wp-content\/uploads\/2018\/03\/santa-elena-hd-1.jpg?fit=1200%2C400&ssl=1&resize=700%2C400 2x, https:\/\/i0.wp.com\/le-fort.org\/cocina\/wp-content\/uploads\/2018\/03\/santa-elena-hd-1.jpg?fit=1200%2C400&ssl=1&resize=1050%2C600 3x"},"classes":[]}],"_links":{"self":[{"href":"https:\/\/le-fort.org\/cocina\/wp-json\/wp\/v2\/pages\/6","targetHints":{"allow":["GET"]}}],"collection":[{"href":"https:\/\/le-fort.org\/cocina\/wp-json\/wp\/v2\/pages"}],"about":[{"href":"https:\/\/le-fort.org\/cocina\/wp-json\/wp\/v2\/types\/page"}],"author":[{"embeddable":true,"href":"https:\/\/le-fort.org\/cocina\/wp-json\/wp\/v2\/users\/1"}],"replies":[{"embeddable":true,"href":"https:\/\/le-fort.org\/cocina\/wp-json\/wp\/v2\/comments?post=6"}],"version-history":[{"count":5,"href":"https:\/\/le-fort.org\/cocina\/wp-json\/wp\/v2\/pages\/6\/revisions"}],"predecessor-version":[{"id":15835,"href":"https:\/\/le-fort.org\/cocina\/wp-json\/wp\/v2\/pages\/6\/revisions\/15835"}],"wp:featuredmedia":[{"embeddable":true,"href":"https:\/\/le-fort.org\/cocina\/wp-json\/wp\/v2\/media\/9606"}],"wp:attachment":[{"href":"https:\/\/le-fort.org\/cocina\/wp-json\/wp\/v2\/media?parent=6"}],"curies":[{"name":"wp","href":"https:\/\/api.w.org\/{rel}","templated":true}]}}